{"id":1746,"date":"2025-11-10T12:56:54","date_gmt":"2025-11-10T11:56:54","guid":{"rendered":"https:\/\/carvagocars.com\/condicoes-de-aluguer\/"},"modified":"2026-03-30T14:00:36","modified_gmt":"2026-03-30T12:00:36","slug":"condicoes-de-aluguer","status":"publish","type":"page","link":"https:\/\/carvagocars.com\/pt-pt\/condicoes-de-aluguer\/","title":{"rendered":"Condi\u00e7\u00f5es de aluguer"},"content":{"rendered":"\t\t<div data-elementor-type=\"wp-page\" data-elementor-id=\"1746\" class=\"elementor elementor-1746 elementor-1170\" data-elementor-post-type=\"page\">\n\t\t\t\t<div class=\"elementor-element elementor-element-7fbb5941 e-flex e-con-boxed e-con e-parent\" data-id=\"7fbb5941\" data-element_type=\"container\" data-e-type=\"container\">\n\t\t\t\t\t<div class=\"e-con-inner\">\n\t\t\t\t<div class=\"elementor-element elementor-element-2265c365 elementor-widget elementor-widget-text-editor\" data-id=\"2265c365\" data-element_type=\"widget\" data-e-type=\"widget\" data-widget_type=\"text-editor.default\">\n\t\t\t\t\t\t\t\t\t<p><strong data-start=\"68\" data-end=\"120\">Artigo 1 &#8211; Propriedade do ve\u00edculo e utiliza\u00e7\u00e3o<\/strong><br data-start=\"120\" data-end=\"123\">O ve\u00edculo \u00e9 sempre propriedade de Carvago Car Rental. O locat\u00e1rio n\u00e3o adquire nenhum direito de propriedade e n\u00e3o pode vender, re-alugar ou de qualquer forma transferir o ve\u00edculo. O ve\u00edculo s\u00f3 pode ser usado em Cura\u00e7ao para transporte privado. O uso comercial, uso off-road ou exporta\u00e7\u00e3o do ve\u00edculo \u00e9 estritamente proibido.   <\/p><p><strong data-start=\"68\" data-end=\"108\">Artigo 2 &#8211; Per\u00edodo de aluguer e devolu\u00e7\u00e3o<\/strong><br data-start=\"108\" data-end=\"111\">O per\u00edodo de aluguer \u00e9 estritamente limitado \u00e0 data e hora de in\u00edcio e de fim acordadas aquando da celebra\u00e7\u00e3o do contrato de aluguer. O ve\u00edculo deve ser devolvido em boas condi\u00e7\u00f5es na data de devolu\u00e7\u00e3o acordada ou antes, incluindo todos os acess\u00f3rios (tais como chaves, cart\u00e3o de inspe\u00e7\u00e3o, cart\u00e3o de contribuinte, certificado de seguro, GPS, cadeira de crian\u00e7a). S\u00f3 \u00e9 poss\u00edvel prolongar o aluguer com autoriza\u00e7\u00e3o pr\u00e9via por escrito.  <\/p><p><strong data-start=\"68\" data-end=\"104\">Artigo 3 &#8211; Condutores autorizados<\/strong><br data-start=\"104\" data-end=\"107\">S\u00f3 o locat\u00e1rio e os eventuais co-condutores indicados no contrato de aluguer podem conduzir o ve\u00edculo. Todos os condutores devem satisfazer as condi\u00e7\u00f5es de idade e de carta de condu\u00e7\u00e3o fixadas por Carvago. <\/p><p><strong data-start=\"70\" data-end=\"122\">Artigo 4 &#8211; Responsabilidades do locat\u00e1rio<\/strong><br data-start=\"122\" data-end=\"125\">O locat\u00e1rio compromete-se a conduzir o ve\u00edculo de forma respons\u00e1vel, a respeitar as regras de tr\u00e2nsito e a utilizar o ve\u00edculo de forma segura. O locat\u00e1rio \u00e9 respons\u00e1vel pelo consumo de combust\u00edvel e pela verifica\u00e7\u00e3o das condi\u00e7\u00f5es b\u00e1sicas do ve\u00edculo (como os avisos no painel de instrumentos). A utiliza\u00e7\u00e3o incorrecta ou a neglig\u00eancia invalidam o seguro e implicam a responsabilidade total por todos os danos.  <\/p><p><strong data-start=\"70\" data-end=\"109\">Artigo 5 &#8211; Manuten\u00e7\u00e3o e repara\u00e7\u00f5es<\/strong><br data-start=\"109\" data-end=\"112\">Durante o per\u00edodo de aluguer de curta dura\u00e7\u00e3o, n\u00e3o \u00e9 necess\u00e1rio efetuar uma manuten\u00e7\u00e3o e uma revis\u00e3o regulares. Qualquer problema com o ve\u00edculo deve ser imediatamente comunicado a Carvago. As repara\u00e7\u00f5es n\u00e3o autorizadas s\u00e3o proibidas e correm inteiramente por conta e risco do locat\u00e1rio.  <\/p><p><strong data-start=\"70\" data-end=\"111\">Artigo 6 &#8211; Assist\u00eancia em caso de avaria e servi\u00e7os de reboque<\/strong><br data-start=\"111\" data-end=\"114\">A assist\u00eancia em caso de avaria est\u00e1 inclu\u00edda para situa\u00e7\u00f5es como um pneu furado ou uma falha mec\u00e2nica. Nestes casos, o locat\u00e1rio deve contactar a Carvago para obter os servi\u00e7os autorizados. Os servi\u00e7os de reboque ou de repara\u00e7\u00e3o n\u00e3o autorizados n\u00e3o ser\u00e3o reembolsados. Os custos resultantes de uma utiliza\u00e7\u00e3o incorrecta do ve\u00edculo s\u00e3o da inteira responsabilidade do locat\u00e1rio.   <\/p><p><strong data-start=\"71\" data-end=\"133\">Artigo 7.\u00ba &#8211; Perda ou dano de documentos do ve\u00edculo<\/strong><br data-start=\"133\" data-end=\"136\">Em caso de perda ou dano do certificado de matr\u00edcula ou de outros documentos oficiais, ser\u00e1 cobrada uma taxa de substitui\u00e7\u00e3o de 40,00 USD ou 72,00 XCG.<\/p><p><strong data-start=\"71\" data-end=\"124\">Artigo 8 &#8211; Regras de circula\u00e7\u00e3o e seguran\u00e7a do ve\u00edculo<\/strong><br data-start=\"124\" data-end=\"127\">O locat\u00e1rio deve respeitar todas as regras de circula\u00e7\u00e3o e estacionar o ve\u00edculo em locais seguros e legais. O locat\u00e1rio \u00e9 respons\u00e1vel por trancar o ve\u00edculo e guardar os objectos de valor em seguran\u00e7a. Carvago n\u00e3o se responsabiliza por perdas ou roubos devidos a neglig\u00eancia.  <\/p><p data-start=\"92\" data-end=\"220\"><strong data-start=\"92\" data-end=\"124\">Artigo 9.\u00ba &#8211; Utiliza\u00e7\u00f5es proibidas<\/strong><br data-start=\"124\" data-end=\"127\">As seguintes utiliza\u00e7\u00f5es s\u00e3o estritamente proibidas e invalidam a cobertura do seguro:<\/p><ul><li data-start=\"224\" data-end=\"264\">Utiliza\u00e7\u00e3o por condutores n\u00e3o autorizados<\/li><li data-start=\"267\" data-end=\"310\">Excede a velocidade permitida<\/li><li data-start=\"313\" data-end=\"335\">Conduzir sob influ\u00eancia<\/li><li data-start=\"338\" data-end=\"379\">Utiliza fora de estrada ou em estradas de terra<\/li><li data-start=\"382\" data-end=\"425\">Transporte comercial ou participa\u00e7\u00e3o em corridas<\/li><li data-start=\"428\" data-end=\"460\">Sobrecarrega o ve\u00edculo<\/li><li data-start=\"463\" data-end=\"486\">Fumar no ve\u00edculo<\/li><li data-start=\"489\" data-end=\"561\">Deixar as chaves na igni\u00e7\u00e3o ou deixar o ve\u00edculo sem vigil\u00e2ncia<\/li><\/ul><p data-start=\"563\" data-end=\"762\">A viola\u00e7\u00e3o destas disposi\u00e7\u00f5es confere ao Carvago o direito de rescindir imediatamente o contrato de aluguer e implica a responsabilidade total do locat\u00e1rio por todos os custos da\u00ed resultantes.<\/p><p data-start=\"77\" data-end=\"291\"><strong data-start=\"77\" data-end=\"126\">Artigo 10 &#8211; Seguro e responsabilidade<\/strong><br data-start=\"126\" data-end=\"129\">Carvago prop\u00f5e-te um seguro contra todos os riscos. Este seguro limita a responsabilidade do locat\u00e1rio, sob reserva da franquia: <\/p><ul><li data-start=\"293\" data-end=\"513\">Franquia m\u00ednima: USD 500.00<\/li><li data-start=\"293\" data-end=\"513\">Se os danos forem rejeitados devido a um motivo de exclus\u00e3o ou a outro motivo legal, o inquilino \u00e9 totalmente respons\u00e1vel por todos os danos<\/li><\/ul><p>A cobertura caduca se o locat\u00e1rio violar as regras de tr\u00e2nsito ou as disposi\u00e7\u00f5es do presente contrato, ou se utilizar o ve\u00edculo de forma incorrecta. Os danos ocorridos no <strong>parque Christoffel<\/strong> ou causados por condutores n\u00e3o autorizados est\u00e3o expressamente exclu\u00eddos da cobertura. <\/p><p data-start=\"94\" data-end=\"204\"><strong data-start=\"94\" data-end=\"133\">Artigo 11 &#8211; Acidentes e roubos<\/strong><br data-start=\"133\" data-end=\"136\">Em caso de acidente, roubo ou vandalismo, aplica-se o seguinte:<\/p><ul><li data-start=\"206\" data-end=\"468\">Contacta imediatamente a pol\u00edcia (911\/917) e a Forensys (+5999 9223).<\/li><li data-start=\"206\" data-end=\"468\">Comunica tamb\u00e9m imediatamente o incidente ao Carvago e apresenta um formul\u00e1rio de reclama\u00e7\u00e3o assinado no prazo de 24 horas.<\/li><li data-start=\"206\" data-end=\"468\">Inclui um esbo\u00e7o da situa\u00e7\u00e3o, hora\/local e eventuais testemunhas.<\/li><\/ul><p data-start=\"470\" data-end=\"545\">O n\u00e3o cumprimento deste procedimento <strong>invalida<\/strong> a cobertura do seguro.<\/p><p data-start=\"470\" data-end=\"545\"><strong data-start=\"71\" data-end=\"117\">Artigo 12.\u00ba &#8211; Bloqueio e perda da chave<\/strong><br data-start=\"117\" data-end=\"120\">Ser\u00e1 cobrada uma taxa de 50,00 USD pela abertura de um ve\u00edculo quando este se encontra bloqueado (bloqueio). Esta situa\u00e7\u00e3o n\u00e3o est\u00e1 coberta pela cobertura de assist\u00eancia rodovi\u00e1ria. Em caso de perda ou dano das chaves do ve\u00edculo, ser\u00e1 cobrada uma taxa m\u00ednima de USD 350,00.  <\/p><hr data-start=\"65\" data-end=\"68\"><p data-start=\"70\" data-end=\"398\"><strong data-start=\"70\" data-end=\"127\">Artigo 13 &#8211; Rescis\u00e3o antecipada e confisco<\/strong><br data-start=\"127\" data-end=\"130\">Carvago pode rescindir o contrato de aluguer a qualquer momento e retomar o ve\u00edculo se o locat\u00e1rio violar o presente contrato ou utilizar o ve\u00edculo de forma inadequada. Em caso de rescis\u00e3o antecipada por culpa do locat\u00e1rio, n\u00e3o h\u00e1 direito a reembolso. <\/p><p data-start=\"70\" data-end=\"398\"><strong data-start=\"71\" data-end=\"108\">Artigo 14\u00ba &#8211; Condi\u00e7\u00f5es de pagamento<\/strong><br data-start=\"108\" data-end=\"111\">O pagamento integral \u00e9 devido no in\u00edcio do per\u00edodo de aluguer. Em caso de incumprimento de pagamento por parte de um terceiro, o locat\u00e1rio \u00e9 totalmente respons\u00e1vel pelo pagamento. Os atrasos de pagamento ou a falta total de pagamento d\u00e3o origem a despesas judiciais e de cobran\u00e7a.  <\/p><p data-start=\"70\" data-end=\"398\"><strong data-start=\"71\" data-end=\"126\">Artigo 15\u00ba &#8211; Lei aplic\u00e1vel e tribunal competente<\/strong><br data-start=\"126\" data-end=\"129\">O presente acordo rege-se pela legisla\u00e7\u00e3o de Cura\u00e7au. Qualquer lit\u00edgio ser\u00e1 submetido ao tribunal competente de Cura\u00e7au. <\/p>\t\t\t\t\t\t\t\t<\/div>\n\t\t\t\t\t<\/div>\n\t\t\t\t<\/div>\n\t\t\t\t<\/div>\n\t\t","protected":false},"excerpt":{"rendered":"<p>Artigo 1 &#8211; Propriedade do ve\u00edculo e utiliza\u00e7\u00e3oO ve\u00edculo \u00e9 sempre propriedade de Carvago Car Rental. O locat\u00e1rio n\u00e3o adquire nenhum direito de propriedade e n\u00e3o pode vender, re-alugar ou de qualquer forma transferir o ve\u00edculo. O ve\u00edculo s\u00f3 pode ser usado em Cura\u00e7ao para transporte privado. O uso comercial, uso off-road ou exporta\u00e7\u00e3o do [&hellip;]<\/p>\n","protected":false},"author":1,"featured_media":1747,"parent":0,"menu_order":0,"comment_status":"closed","ping_status":"closed","template":"","meta":{"footnotes":""},"class_list":["post-1746","page","type-page","status-publish","has-post-thumbnail","hentry"],"_links":{"self":[{"href":"https:\/\/carvagocars.com\/pt-pt\/wp-json\/wp\/v2\/pages\/1746","targetHints":{"allow":["GET"]}}],"collection":[{"href":"https:\/\/carvagocars.com\/pt-pt\/wp-json\/wp\/v2\/pages"}],"about":[{"href":"https:\/\/carvagocars.com\/pt-pt\/wp-json\/wp\/v2\/types\/page"}],"author":[{"embeddable":true,"href":"https:\/\/carvagocars.com\/pt-pt\/wp-json\/wp\/v2\/users\/1"}],"replies":[{"embeddable":true,"href":"https:\/\/carvagocars.com\/pt-pt\/wp-json\/wp\/v2\/comments?post=1746"}],"version-history":[{"count":1,"href":"https:\/\/carvagocars.com\/pt-pt\/wp-json\/wp\/v2\/pages\/1746\/revisions"}],"predecessor-version":[{"id":1748,"href":"https:\/\/carvagocars.com\/pt-pt\/wp-json\/wp\/v2\/pages\/1746\/revisions\/1748"}],"wp:featuredmedia":[{"embeddable":true,"href":"https:\/\/carvagocars.com\/pt-pt\/wp-json\/wp\/v2\/media\/1747"}],"wp:attachment":[{"href":"https:\/\/carvagocars.com\/pt-pt\/wp-json\/wp\/v2\/media?parent=1746"}],"curies":[{"name":"wp","href":"https:\/\/api.w.org\/{rel}","templated":true}]}}