{"id":1387,"date":"2025-11-10T12:56:54","date_gmt":"2025-11-10T11:56:54","guid":{"rendered":"https:\/\/carvagocars.com\/condiciones-de-alquiler\/"},"modified":"2025-12-04T17:44:09","modified_gmt":"2025-12-04T16:44:09","slug":"condiciones-de-alquiler","status":"publish","type":"page","link":"https:\/\/carvagocars.com\/es\/condiciones-de-alquiler\/","title":{"rendered":"Condiciones de alquiler"},"content":{"rendered":"\t\t<div data-elementor-type=\"wp-page\" data-elementor-id=\"1387\" class=\"elementor elementor-1387 elementor-1170\" data-elementor-post-type=\"page\">\n\t\t\t\t<div class=\"elementor-element elementor-element-7fbb5941 e-flex e-con-boxed e-con e-parent\" data-id=\"7fbb5941\" data-element_type=\"container\" data-e-type=\"container\">\n\t\t\t\t\t<div class=\"e-con-inner\">\n\t\t\t\t<div class=\"elementor-element elementor-element-2265c365 elementor-widget elementor-widget-text-editor\" data-id=\"2265c365\" data-element_type=\"widget\" data-e-type=\"widget\" data-widget_type=\"text-editor.default\">\n\t\t\t\t\t\t\t\t\t<p><strong data-start=\"68\" data-end=\"120\">Art\u00edculo 1 - Propiedad del Veh\u00edculo y Uso<\/strong><br data-start=\"120\" data-end=\"123\">El veh\u00edculo sigue siendo propiedad de Carvago Car Rental en todo momento. El arrendatario no adquiere ning\u00fan derecho de propiedad y no puede vender, realquilar o transferir de ning\u00fan modo el veh\u00edculo. El veh\u00edculo s\u00f3lo puede utilizarse en Cura\u00e7ao para transporte privado. Queda terminantemente prohibido el uso comercial, el uso todoterreno o la exportaci\u00f3n del veh\u00edculo.<\/p><p><strong data-start=\"68\" data-end=\"108\">Art\u00edculo 2 - Periodo de alquiler y devoluci\u00f3n<\/strong><br data-start=\"108\" data-end=\"111\">El periodo de alquiler se limita estrictamente a la fecha y hora de inicio y finalizaci\u00f3n acordadas al suscribir el contrato de alquiler. El veh\u00edculo debe devolverse en buen estado en la fecha de devoluci\u00f3n acordada o antes, incluidos todos los accesorios (como llaves, tarjeta de inspecci\u00f3n, tarjeta fiscal, certificado de seguro, GPS, asiento infantil). Las ampliaciones s\u00f3lo son posibles previo consentimiento por escrito.<\/p><p><strong data-start=\"68\" data-end=\"104\">Art\u00edculo 3 - Conductores autorizados<\/strong><br data-start=\"104\" data-end=\"107\">S\u00f3lo el arrendatario y los copilotos nombrados en el contrato de alquiler pueden conducir el veh\u00edculo. Todos los conductores deben cumplir los requisitos de edad y permiso de conducir establecidos por Carvago.<\/p><p><strong data-start=\"70\" data-end=\"122\">Art\u00edculo 4 - Responsabilidades del Arrendatario<\/strong><br data-start=\"122\" data-end=\"125\">El Arrendatario se compromete a conducir el veh\u00edculo de forma responsable, a respetar las normas de tr\u00e1fico y a utilizar el veh\u00edculo de forma segura. El arrendatario es responsable del consumo de combustible y de comprobar las condiciones b\u00e1sicas del veh\u00edculo (como los avisos del salpicadero). El uso indebido o la negligencia invalidan el seguro y dan lugar a la plena responsabilidad por todos los da\u00f1os.<\/p><p><strong data-start=\"70\" data-end=\"109\">Art\u00edculo 5 - Mantenimiento y reparaciones<\/strong><br data-start=\"109\" data-end=\"112\">Durante el breve periodo de alquiler no se requiere mantenimiento ni reparaciones regulares. Cualquier problema con el veh\u00edculo debe comunicarse inmediatamente a Carvago. Las reparaciones no autorizadas est\u00e1n prohibidas y corren enteramente por cuenta y riesgo del arrendatario.<\/p><p><strong data-start=\"70\" data-end=\"111\">Art\u00edculo 6 - Asistencia en carretera y servicios de gr\u00faa<\/strong><br data-start=\"111\" data-end=\"114\">La asistencia en carretera est\u00e1 incluida para situaciones como un pinchazo o un fallo mec\u00e1nico. En estos casos, el arrendatario debe ponerse en contacto con Carvago para solicitar servicios autorizados. No se reembolsar\u00e1 el remolque ni las reparaciones no autorizadas. Los gastos derivados del uso inadecuado del veh\u00edculo son responsabilidad exclusiva del arrendatario.<\/p><p><strong data-start=\"71\" data-end=\"133\">Art\u00edculo 7 - P\u00e9rdida o deterioro de los documentos del veh\u00edculo<\/strong><br data-start=\"133\" data-end=\"136\">En caso de p\u00e9rdida o deterioro del permiso de circulaci\u00f3n u otros documentos oficiales, se cobrar\u00e1 una tasa de sustituci\u00f3n de 40,00 USD o 72,00 XCG.<\/p><p><strong data-start=\"71\" data-end=\"124\">Art\u00edculo 8 - Normas de tr\u00e1fico y seguridad del veh\u00edculo<\/strong><br data-start=\"124\" data-end=\"127\">El arrendatario debe respetar todas las normas de tr\u00e1fico y aparcar el veh\u00edculo en zonas de estacionamiento seguras y legales. El arrendatario es responsable de cerrar el veh\u00edculo y guardar los objetos de valor de forma segura. Carvago no se hace responsable de la p\u00e9rdida o robo debidos a negligencia.<\/p><p data-start=\"92\" data-end=\"220\"><strong data-start=\"92\" data-end=\"124\">Art\u00edculo 9 - Usos prohibidos<\/strong><br data-start=\"124\" data-end=\"127\">Los siguientes usos est\u00e1n estrictamente prohibidos e invalidan la cobertura del seguro:<\/p><ul><li data-start=\"224\" data-end=\"264\">Uso por conductores no autorizados<\/li><li data-start=\"267\" data-end=\"310\">Superar la velocidad permitida<\/li><li data-start=\"313\" data-end=\"335\">Conducir bajo los efectos del alcohol<\/li><li data-start=\"338\" data-end=\"379\">Uso fuera de carretera o en caminos de tierra<\/li><li data-start=\"382\" data-end=\"425\">Transporte comercial o participaci\u00f3n en carreras<\/li><li data-start=\"428\" data-end=\"460\">Sobrecargar el veh\u00edculo<\/li><li data-start=\"463\" data-end=\"486\">Fumar en el veh\u00edculo<\/li><li data-start=\"489\" data-end=\"561\">Dejar las llaves puestas o dejar el veh\u00edculo desatendido<\/li><\/ul><p data-start=\"563\" data-end=\"762\">La infracci\u00f3n de estas disposiciones da derecho a Carvago a rescindir inmediatamente el contrato de alquiler y conlleva la plena responsabilidad del arrendatario por todos los gastos resultantes.<\/p><p data-start=\"77\" data-end=\"291\"><strong data-start=\"77\" data-end=\"126\">Art\u00edculo 10 - Seguros y Responsabilidad Civil<\/strong><br data-start=\"126\" data-end=\"129\">Carvago ofrece un Seguro a Todo Riesgo. Limitan la responsabilidad del arrendatario, con sujeci\u00f3n a la franquicia:<\/p><ul><li data-start=\"293\" data-end=\"513\">Franquicia m\u00ednima: 500,00 USD<\/li><li data-start=\"293\" data-end=\"513\">Si se rechaza la indemnizaci\u00f3n por da\u00f1os y perjuicios debido a un motivo de exclusi\u00f3n u otro motivo legal, el inquilino es plenamente responsable de todos los da\u00f1os y perjuicios<\/li><\/ul><p>La cobertura se extingue si el arrendatario infringe las normas de tr\u00e1fico o las disposiciones de este contrato, o utiliza el veh\u00edculo de forma inadecuada. Quedan expresamente excluidos de la cobertura los da\u00f1os producidos en el <strong>Parque Christoffel<\/strong> o causados por conductores no autorizados. <\/p><p data-start=\"94\" data-end=\"204\"><strong data-start=\"94\" data-end=\"133\">Art\u00edculo 11 - Accidentes y robos<\/strong><br data-start=\"133\" data-end=\"136\">En caso de accidente, robo o vandalismo, se aplica lo siguiente:<\/p><ul><li data-start=\"206\" data-end=\"468\">Ponte inmediatamente en contacto con la polic\u00eda (911\/917) y con Forensys (+5999 9223).<\/li><li data-start=\"206\" data-end=\"468\">Informa tambi\u00e9n del incidente a Carvago inmediatamente y presenta un formulario de reclamaci\u00f3n firmado en un plazo de 24 horas.<\/li><li data-start=\"206\" data-end=\"468\">Incluye un croquis de la situaci\u00f3n, hora\/lugar y posibles testigos.<\/li><\/ul><p data-start=\"470\" data-end=\"545\">El incumplimiento de este procedimiento <strong>invalidar\u00e1<\/strong> la cobertura del seguro <strong>.<\/strong><\/p><p data-start=\"470\" data-end=\"545\"><strong data-start=\"71\" data-end=\"117\">Art\u00edculo 12 -<\/strong> Cierre <strong data-start=\"71\" data-end=\"117\">patronal y p\u00e9rdida de llaves<\/strong><br data-start=\"117\" data-end=\"120\">Se cobrar\u00e1 una tarifa de 50,00 USD por abrir un veh\u00edculo en caso de cierre patronal. Esto no est\u00e1 cubierto por la cobertura de asistencia en carretera. En caso de p\u00e9rdida o deterioro de las llaves del coche, se cobrar\u00e1 una tarifa m\u00ednima de 350,00 USD.<\/p><hr data-start=\"65\" data-end=\"68\"><p data-start=\"70\" data-end=\"398\"><strong data-start=\"70\" data-end=\"127\">Art\u00edculo 13 - Rescisi\u00f3n anticipada y recuperaci\u00f3n<\/strong><br data-start=\"127\" data-end=\"130\">Carvago puede rescindir el contrato de alquiler en cualquier momento y recuperar el veh\u00edculo si el arrendatario incumple este contrato o utiliza el veh\u00edculo de forma inadecuada. En caso de rescisi\u00f3n anticipada por culpa del inquilino, no hay derecho a reembolso.<\/p><p data-start=\"70\" data-end=\"398\"><strong data-start=\"71\" data-end=\"108\">Art\u00edculo 14 - Condiciones de pago<\/strong><br data-start=\"108\" data-end=\"111\">El pago total debe efectuarse al inicio del periodo de alquiler. Si un tercero incumple el pago, el inquilino sigue siendo plenamente responsable del pago. El retraso en el pago o el impago total dar\u00e1 lugar a gastos legales y de cobro.<\/p><p data-start=\"70\" data-end=\"398\"><strong data-start=\"71\" data-end=\"126\">Art\u00edculo 15 - Ley Aplicable y Tribunal Competente<\/strong><br data-start=\"126\" data-end=\"129\">El presente acuerdo se regir\u00e1 por las leyes de Cura\u00e7ao. Cualquier disputa se someter\u00e1 al tribunal competente de Cura\u00e7ao.<\/p>\t\t\t\t\t\t\t\t<\/div>\n\t\t\t\t\t<\/div>\n\t\t\t\t<\/div>\n\t\t\t\t<\/div>\n\t\t","protected":false},"excerpt":{"rendered":"<p>Art\u00edculo 1 - Propiedad del Veh\u00edculo y UsoEl veh\u00edculo sigue siendo propiedad de Carvago Car Rental en todo momento. El arrendatario no adquiere ning\u00fan derecho de propiedad y no puede vender, realquilar o transferir de ning\u00fan modo el veh\u00edculo. El veh\u00edculo s\u00f3lo puede utilizarse en Cura\u00e7ao para transporte privado. Queda terminantemente prohibido el uso comercial, [&hellip;]<\/p>\n","protected":false},"author":1,"featured_media":1663,"parent":0,"menu_order":0,"comment_status":"closed","ping_status":"closed","template":"","meta":{"footnotes":""},"class_list":["post-1387","page","type-page","status-publish","has-post-thumbnail","hentry"],"_links":{"self":[{"href":"https:\/\/carvagocars.com\/es\/wp-json\/wp\/v2\/pages\/1387","targetHints":{"allow":["GET"]}}],"collection":[{"href":"https:\/\/carvagocars.com\/es\/wp-json\/wp\/v2\/pages"}],"about":[{"href":"https:\/\/carvagocars.com\/es\/wp-json\/wp\/v2\/types\/page"}],"author":[{"embeddable":true,"href":"https:\/\/carvagocars.com\/es\/wp-json\/wp\/v2\/users\/1"}],"replies":[{"embeddable":true,"href":"https:\/\/carvagocars.com\/es\/wp-json\/wp\/v2\/comments?post=1387"}],"version-history":[{"count":3,"href":"https:\/\/carvagocars.com\/es\/wp-json\/wp\/v2\/pages\/1387\/revisions"}],"predecessor-version":[{"id":1634,"href":"https:\/\/carvagocars.com\/es\/wp-json\/wp\/v2\/pages\/1387\/revisions\/1634"}],"wp:featuredmedia":[{"embeddable":true,"href":"https:\/\/carvagocars.com\/es\/wp-json\/wp\/v2\/media\/1663"}],"wp:attachment":[{"href":"https:\/\/carvagocars.com\/es\/wp-json\/wp\/v2\/media?parent=1387"}],"curies":[{"name":"wp","href":"https:\/\/api.w.org\/{rel}","templated":true}]}}