{"id":1357,"date":"2025-10-31T11:00:16","date_gmt":"2025-10-31T10:00:16","guid":{"rendered":"https:\/\/carvagocars.com\/sobre-nosotros\/"},"modified":"2025-11-12T14:11:45","modified_gmt":"2025-11-12T13:11:45","slug":"sobre-nosotros","status":"publish","type":"page","link":"https:\/\/carvagocars.com\/es\/sobre-nosotros\/","title":{"rendered":"Sobre nosotros"},"content":{"rendered":"\t\t<div data-elementor-type=\"wp-page\" data-elementor-id=\"1357\" class=\"elementor elementor-1357 elementor-852\" data-elementor-post-type=\"page\">\n\t\t\t\t<div class=\"elementor-element elementor-element-a9396e4 e-flex e-con-boxed e-con e-parent\" data-id=\"a9396e4\" data-element_type=\"container\" data-e-type=\"container\">\n\t\t\t\t\t<div class=\"e-con-inner\">\n\t\t<div class=\"elementor-element elementor-element-e06cc39 e-con-full e-flex e-con e-child\" data-id=\"e06cc39\" data-element_type=\"container\" data-e-type=\"container\">\n\t\t\t\t<div class=\"elementor-element elementor-element-ab0181c elementor-absolute elementor-widget elementor-widget-image\" data-id=\"ab0181c\" data-element_type=\"widget\" data-e-type=\"widget\" data-settings=\"{&quot;_position&quot;:&quot;absolute&quot;}\" data-widget_type=\"image.default\">\n\t\t\t\t\t\t\t\t\t\t\t\t\t\t\t<img fetchpriority=\"high\" decoding=\"async\" width=\"651\" height=\"632\" src=\"https:\/\/carvagocars.com\/wp-content\/uploads\/Blur-BG.webp\" class=\"attachment-large size-large wp-image-1293\" alt=\".\" loading=\"eager\" title=\"\">\t\t\t\t\t\t\t\t\t\t\t\t\t\t\t<\/div>\n\t\t\t\t<div class=\"elementor-element elementor-element-26e466d elementor-widget elementor-widget-image\" data-id=\"26e466d\" data-element_type=\"widget\" data-e-type=\"widget\" data-widget_type=\"image.default\">\n\t\t\t\t\t\t\t\t\t\t\t\t\t\t\t<img decoding=\"async\" width=\"1080\" height=\"1080\" src=\"https:\/\/carvagocars.com\/wp-content\/uploads\/Danny-Carvago.webp\" class=\"attachment-large size-large wp-image-1358\" alt=\".\" srcset=\"https:\/\/carvagocars.com\/wp-content\/uploads\/Danny-Carvago.webp 1080w, https:\/\/carvagocars.com\/wp-content\/uploads\/Danny-Carvago-150x150.webp 150w, https:\/\/carvagocars.com\/wp-content\/uploads\/Danny-Carvago-768x768.webp 768w\" sizes=\"(max-width: 1080px) 100vw, 1080px\" loading=\"eager\" title=\"\">\t\t\t\t\t\t\t\t\t\t\t\t\t\t\t<\/div>\n\t\t\t\t<div class=\"elementor-element elementor-element-46979d9 elementor-absolute elementor-widget elementor-widget-image\" data-id=\"46979d9\" data-element_type=\"widget\" data-e-type=\"widget\" data-settings=\"{&quot;_position&quot;:&quot;absolute&quot;}\" data-widget_type=\"image.default\">\n\t\t\t\t\t\t\t\t\t\t\t\t\t\t\t<img decoding=\"async\" width=\"60\" height=\"54\" src=\"https:\/\/carvagocars.com\/wp-content\/uploads\/Carvago-Icoon.svg\" class=\"attachment-large size-large wp-image-1295\" alt=\".\" loading=\"eager\" title=\"\">\t\t\t\t\t\t\t\t\t\t\t\t\t\t\t<\/div>\n\t\t\t\t<\/div>\n\t\t<div class=\"elementor-element elementor-element-2920e70 e-con-full e-flex e-con e-child\" data-id=\"2920e70\" data-element_type=\"container\" data-e-type=\"container\">\n\t\t\t\t<div class=\"elementor-element elementor-element-36607ba elementor-widget elementor-widget-text-editor\" data-id=\"36607ba\" data-element_type=\"widget\" data-e-type=\"widget\" data-widget_type=\"text-editor.default\">\n\t\t\t\t\t\t\t\t\t<p>De la llave a la despedida: un servicio que sientes y recuerdas.<\/p>\t\t\t\t\t\t\t\t<\/div>\n\t\t\t\t<div class=\"elementor-element elementor-element-a828c36 highlight elementor-widget elementor-widget-heading\" data-id=\"a828c36\" data-element_type=\"widget\" data-e-type=\"widget\" data-widget_type=\"heading.default\">\n\t\t\t\t\t<h2 class=\"elementor-heading-title elementor-size-default\">\u00a1De clientes a <span>amigos para toda la vida!<\/span><\/h2>\t\t\t\t<\/div>\n\t\t\t\t<div class=\"elementor-element elementor-element-03aab53 elementor-widget elementor-widget-text-editor\" data-id=\"03aab53\" data-element_type=\"widget\" data-e-type=\"widget\" data-widget_type=\"text-editor.default\">\n\t\t\t\t\t\t\t\t\t<p data-start=\"156\" data-end=\"375\">Carvago es todo familia y contacto personal. Como empresa familiar local en Cura\u00e7ao, ofrecemos una c\u00e1lida bienvenida y una movilidad sin complicaciones. Tratamos a cada cliente como a un amigo, por lo que alquilar un coche es como pedirlo prestado a un amigo de confianza: f\u00e1cil, personal y fiable. Con nuestros conocimientos locales, nuestro servicio personal y nuestros c\u00f3modos veh\u00edculos, disfrutar\u00e1s al m\u00e1ximo de Cura\u00e7ao.   <\/p><p data-start=\"156\" data-end=\"375\">En Carvago, no s\u00f3lo te vas con un coche, \u00a1sino con una sonrisa y la sensaci\u00f3n de volver a casa!<\/p>\t\t\t\t\t\t\t\t<\/div>\n\t\t<div class=\"elementor-element elementor-element-e4d7429 e-con-full e-flex e-con e-child\" data-id=\"e4d7429\" data-element_type=\"container\" data-e-type=\"container\">\n\t\t\t\t<div class=\"elementor-element elementor-element-7778072 elementor-align-left knop elementor-widget elementor-widget-button\" data-id=\"7778072\" data-element_type=\"widget\" data-e-type=\"widget\" data-widget_type=\"button.default\">\n\t\t\t\t\t\t\t\t\t\t<a class=\"elementor-button elementor-button-link elementor-size-sm\" href=\"https:\/\/carvagocars.com\/es\/vehiculos\/\">\n\t\t\t\t\t\t<span class=\"elementor-button-content-wrapper\">\n\t\t\t\t\t\t<span class=\"elementor-button-icon\">\n\t\t\t\t<svg xmlns=\"http:\/\/www.w3.org\/2000\/svg\" id=\"Laag_1\" width=\"32.41\" height=\"16.4\" viewBox=\"0 0 32.41 16.4\"><path d=\"M30.95,5.51l-2.73-.9-2.92-3.42C24.66.43,23.71,0,22.72,0h-8.12c-.82,0-1.61.3-2.23.85l-4.25,3.71-6.51,1.63c-.95.24-1.61,1.08-1.61,2.06v3.48c0,1.17.95,2.12,2.12,2.12h.54c.39,1.49,1.76,2.56,3.3,2.56s2.91-1.07,3.3-2.56h12.61c.38,1.49,1.76,2.56,3.3,2.56s2.91-1.07,3.3-2.56h1.82c1.17,0,2.12-.95,2.12-2.12v-4.2c0-.92-.58-1.72-1.46-2.01ZM30.72,7.52v4.2c0,.25-.19.44-.44.44h-1.82c-.39-1.49-1.76-2.56-3.3-2.56s-2.91,1.07-3.3,2.56h-12.6c-.38-1.49-1.76-2.56-3.3-2.56s-2.91,1.07-3.3,2.56h-.54c-.25,0-.44-.19-.44-.44v-3.48c0-.21.13-.38.33-.43l6.7-1.67h.03c.1-.03.19-.07.27-.13h0s4.47-3.9,4.47-3.9c.28-.25.63-.39.99-.42h8.23c.5,0,.97.22,1.31.61l3.08,3.58c.1.11.23.19.37.23l2.95,1,.07.03c.15.08.24.22.24.38ZM4.24,12.9c.05-.87.72-1.55,1.58-1.62h.14c.89,0,1.62.67,1.7,1.55-.02.1-.02.2,0,.3-.07.91-.8,1.59-1.7,1.59s-1.69-.75-1.72-1.66v-.15ZM23.44,12.92c.04-.88.71-1.58,1.58-1.64h.14c.86,0,1.6.64,1.71,1.49v.17s.01.12.01.12c-.04.93-.8,1.65-1.72,1.65s-1.69-.73-1.72-1.66v-.13Z\"><\/path><\/svg>\t\t\t<\/span>\n\t\t\t\t\t\t\t\t\t<span class=\"elementor-button-text\">Ver oferta<\/span>\n\t\t\t\t\t<\/span>\n\t\t\t\t\t<\/a>\n\t\t\t\t\t\t\t\t<\/div>\n\t\t\t\t<div class=\"elementor-element elementor-element-408733a elementor-align-left elementor-widget elementor-widget-button\" data-id=\"408733a\" data-element_type=\"widget\" data-e-type=\"widget\" data-widget_type=\"button.default\">\n\t\t\t\t\t\t\t\t\t\t<a class=\"elementor-button elementor-button-link elementor-size-sm\" href=\"https:\/\/carvagocars.com\/es\/ponte-en-contacto-con\/\">\n\t\t\t\t\t\t<span class=\"elementor-button-content-wrapper\">\n\t\t\t\t\t\t<span class=\"elementor-button-icon\">\n\t\t\t\t<svg xmlns=\"http:\/\/www.w3.org\/2000\/svg\" id=\"Laag_1\" width=\"16.26\" height=\"11.88\" viewBox=\"0 0 16.26 11.88\"><path d=\"M10.6.27c-.37-.37-.96-.37-1.33,0-.37.37-.37.96,0,1.33l3.4,3.4H.94c-.52,0-.94.42-.94.94s.42.94.94.94h11.74l-3.4,3.4c-.37.37-.37.96,0,1.33.18.18.42.27.66.27s.48-.09.66-.27l5.66-5.66L10.6.27Z\"><\/path><\/svg>\t\t\t<\/span>\n\t\t\t\t\t\t\t\t\t<span class=\"elementor-button-text\">Ponte en contacto<\/span>\n\t\t\t\t\t<\/span>\n\t\t\t\t\t<\/a>\n\t\t\t\t\t\t\t\t<\/div>\n\t\t\t\t<\/div>\n\t\t\t\t<\/div>\n\t\t\t\t\t<\/div>\n\t\t\t\t<\/div>\n\t\t<div class=\"elementor-element elementor-element-78a59c5 e-flex e-con-boxed e-con e-parent\" data-id=\"78a59c5\" data-element_type=\"container\" data-e-type=\"container\" data-settings=\"{&quot;background_background&quot;:&quot;classic&quot;}\">\n\t\t\t\t\t<div class=\"e-con-inner\">\n\t\t<div class=\"elementor-element elementor-element-9f44602 e-con-full e-flex e-con e-child\" data-id=\"9f44602\" data-element_type=\"container\" data-e-type=\"container\">\n\t\t\t\t<div class=\"elementor-element elementor-element-76c8e52 elementor-absolute elementor-widget elementor-widget-image\" data-id=\"76c8e52\" data-element_type=\"widget\" data-e-type=\"widget\" data-settings=\"{&quot;_position&quot;:&quot;absolute&quot;}\" data-widget_type=\"image.default\">\n\t\t\t\t\t\t\t\t\t\t\t\t\t\t\t<img fetchpriority=\"high\" decoding=\"async\" width=\"651\" height=\"632\" src=\"https:\/\/carvagocars.com\/wp-content\/uploads\/Blur-BG.webp\" class=\"attachment-large size-large wp-image-1293\" alt=\".\" loading=\"eager\" title=\"\">\t\t\t\t\t\t\t\t\t\t\t\t\t\t\t<\/div>\n\t\t\t\t<div class=\"elementor-element elementor-element-5950756 elementor-widget elementor-widget-image\" data-id=\"5950756\" data-element_type=\"widget\" data-e-type=\"widget\" data-widget_type=\"image.default\">\n\t\t\t\t\t\t\t\t\t\t\t\t\t\t\t<img decoding=\"async\" width=\"720\" height=\"960\" src=\"https:\/\/carvagocars.com\/wp-content\/uploads\/Carvago-Hero-3.webp\" class=\"attachment-large size-large wp-image-1330\" alt=\".\" loading=\"eager\" title=\"\">\t\t\t\t\t\t\t\t\t\t\t\t\t\t\t<\/div>\n\t\t\t\t<div class=\"elementor-element elementor-element-9526817 elementor-absolute elementor-widget elementor-widget-image\" data-id=\"9526817\" data-element_type=\"widget\" data-e-type=\"widget\" data-settings=\"{&quot;_position&quot;:&quot;absolute&quot;}\" data-widget_type=\"image.default\">\n\t\t\t\t\t\t\t\t\t\t\t\t\t\t\t<img decoding=\"async\" width=\"1080\" height=\"1080\" src=\"https:\/\/carvagocars.com\/wp-content\/uploads\/CuracaoTrafficSafety.webp\" class=\"attachment-large size-large wp-image-1359\" alt=\".\" srcset=\"https:\/\/carvagocars.com\/wp-content\/uploads\/CuracaoTrafficSafety.webp 1080w, https:\/\/carvagocars.com\/wp-content\/uploads\/CuracaoTrafficSafety-150x150.webp 150w, https:\/\/carvagocars.com\/wp-content\/uploads\/CuracaoTrafficSafety-768x768.webp 768w\" sizes=\"(max-width: 1080px) 100vw, 1080px\" loading=\"eager\" title=\"\">\t\t\t\t\t\t\t\t\t\t\t\t\t\t\t<\/div>\n\t\t\t\t<\/div>\n\t\t<div class=\"elementor-element elementor-element-ae2382c e-con-full e-flex e-con e-child\" data-id=\"ae2382c\" data-element_type=\"container\" data-e-type=\"container\">\n\t\t\t\t<div class=\"elementor-element elementor-element-1068be5 elementor-widget elementor-widget-text-editor\" data-id=\"1068be5\" data-element_type=\"widget\" data-e-type=\"widget\" data-widget_type=\"text-editor.default\">\n\t\t\t\t\t\t\t\t\t<p>Conducir con seguridad en Cura\u00e7ao - con cuidado y responsabilidad<\/p>\t\t\t\t\t\t\t\t<\/div>\n\t\t\t\t<div class=\"elementor-element elementor-element-b9abe80 highlight elementor-widget elementor-widget-heading\" data-id=\"b9abe80\" data-element_type=\"widget\" data-e-type=\"widget\" data-widget_type=\"heading.default\">\n\t\t\t\t\t<h2 class=\"elementor-heading-title elementor-size-default\">Orgulloso socio de la <span>Fundaci\u00f3n para la Seguridad Vial de Cura\u00e7ao<\/span><\/h2>\t\t\t\t<\/div>\n\t\t\t\t<div class=\"elementor-element elementor-element-4573b1d elementor-widget elementor-widget-text-editor\" data-id=\"4573b1d\" data-element_type=\"widget\" data-e-type=\"widget\" data-widget_type=\"text-editor.default\">\n\t\t\t\t\t\t\t\t\t<p>Carvago es un orgulloso socio de la <strong>Fundaci\u00f3n para la Seguridad Vial de<\/strong> Cura\u00e7ao, una organizaci\u00f3n sin \u00e1nimo de lucro dedicada a la seguridad vial en Cura\u00e7ao.<\/p><p>Como empresa familiar local, creemos que es importante contribuir a una conducci\u00f3n segura en la isla. Juntos, apoyamos iniciativas y campa\u00f1as de concienciaci\u00f3n para que tanto residentes como visitantes puedan disfrutar de Cura\u00e7ao sin preocupaciones y con seguridad. <\/p>\t\t\t\t\t\t\t\t<\/div>\n\t\t<div class=\"elementor-element elementor-element-3095039 e-con-full e-flex e-con e-child\" data-id=\"3095039\" data-element_type=\"container\" data-e-type=\"container\">\n\t\t\t\t<div class=\"elementor-element elementor-element-7e16d01 elementor-align-left knop elementor-widget elementor-widget-button\" data-id=\"7e16d01\" data-element_type=\"widget\" data-e-type=\"widget\" data-widget_type=\"button.default\">\n\t\t\t\t\t\t\t\t\t\t<a class=\"elementor-button elementor-button-link elementor-size-sm\" href=\"https:\/\/carvagocars.com\/es\/vehiculos\/\">\n\t\t\t\t\t\t<span class=\"elementor-button-content-wrapper\">\n\t\t\t\t\t\t<span class=\"elementor-button-icon\">\n\t\t\t\t<svg xmlns=\"http:\/\/www.w3.org\/2000\/svg\" id=\"Laag_1\" width=\"32.41\" height=\"16.4\" viewBox=\"0 0 32.41 16.4\"><path d=\"M30.95,5.51l-2.73-.9-2.92-3.42C24.66.43,23.71,0,22.72,0h-8.12c-.82,0-1.61.3-2.23.85l-4.25,3.71-6.51,1.63c-.95.24-1.61,1.08-1.61,2.06v3.48c0,1.17.95,2.12,2.12,2.12h.54c.39,1.49,1.76,2.56,3.3,2.56s2.91-1.07,3.3-2.56h12.61c.38,1.49,1.76,2.56,3.3,2.56s2.91-1.07,3.3-2.56h1.82c1.17,0,2.12-.95,2.12-2.12v-4.2c0-.92-.58-1.72-1.46-2.01ZM30.72,7.52v4.2c0,.25-.19.44-.44.44h-1.82c-.39-1.49-1.76-2.56-3.3-2.56s-2.91,1.07-3.3,2.56h-12.6c-.38-1.49-1.76-2.56-3.3-2.56s-2.91,1.07-3.3,2.56h-.54c-.25,0-.44-.19-.44-.44v-3.48c0-.21.13-.38.33-.43l6.7-1.67h.03c.1-.03.19-.07.27-.13h0s4.47-3.9,4.47-3.9c.28-.25.63-.39.99-.42h8.23c.5,0,.97.22,1.31.61l3.08,3.58c.1.11.23.19.37.23l2.95,1,.07.03c.15.08.24.22.24.38ZM4.24,12.9c.05-.87.72-1.55,1.58-1.62h.14c.89,0,1.62.67,1.7,1.55-.02.1-.02.2,0,.3-.07.91-.8,1.59-1.7,1.59s-1.69-.75-1.72-1.66v-.15ZM23.44,12.92c.04-.88.71-1.58,1.58-1.64h.14c.86,0,1.6.64,1.71,1.49v.17s.01.12.01.12c-.04.93-.8,1.65-1.72,1.65s-1.69-.73-1.72-1.66v-.13Z\"><\/path><\/svg>\t\t\t<\/span>\n\t\t\t\t\t\t\t\t\t<span class=\"elementor-button-text\">Ver oferta<\/span>\n\t\t\t\t\t<\/span>\n\t\t\t\t\t<\/a>\n\t\t\t\t\t\t\t\t<\/div>\n\t\t\t\t<div class=\"elementor-element elementor-element-4adc260 elementor-align-left elementor-widget elementor-widget-button\" data-id=\"4adc260\" data-element_type=\"widget\" data-e-type=\"widget\" data-widget_type=\"button.default\">\n\t\t\t\t\t\t\t\t\t\t<a class=\"elementor-button elementor-button-link elementor-size-sm\" href=\"https:\/\/carvagocars.com\/es\/ponte-en-contacto-con\/\">\n\t\t\t\t\t\t<span class=\"elementor-button-content-wrapper\">\n\t\t\t\t\t\t<span class=\"elementor-button-icon\">\n\t\t\t\t<svg xmlns=\"http:\/\/www.w3.org\/2000\/svg\" id=\"Laag_1\" width=\"16.26\" height=\"11.88\" viewBox=\"0 0 16.26 11.88\"><path d=\"M10.6.27c-.37-.37-.96-.37-1.33,0-.37.37-.37.96,0,1.33l3.4,3.4H.94c-.52,0-.94.42-.94.94s.42.94.94.94h11.74l-3.4,3.4c-.37.37-.37.96,0,1.33.18.18.42.27.66.27s.48-.09.66-.27l5.66-5.66L10.6.27Z\"><\/path><\/svg>\t\t\t<\/span>\n\t\t\t\t\t\t\t\t\t<span class=\"elementor-button-text\">Ponte en contacto<\/span>\n\t\t\t\t\t<\/span>\n\t\t\t\t\t<\/a>\n\t\t\t\t\t\t\t\t<\/div>\n\t\t\t\t<\/div>\n\t\t\t\t<\/div>\n\t\t\t\t\t<\/div>\n\t\t\t\t<\/div>\n\t\t<div class=\"elementor-element elementor-element-86e0a6b e-flex e-con-boxed e-con e-parent\" data-id=\"86e0a6b\" data-element_type=\"container\" data-e-type=\"container\" data-settings=\"{&quot;background_background&quot;:&quot;classic&quot;}\">\n\t\t\t\t\t<div class=\"e-con-inner\">\n\t\t\t\t<div class=\"elementor-element elementor-element-7f2ddfc elementor-widget-divider--view-line elementor-widget elementor-widget-divider\" data-id=\"7f2ddfc\" data-element_type=\"widget\" data-e-type=\"widget\" data-widget_type=\"divider.default\">\n\t\t\t\t\t\t\t<div class=\"elementor-divider\">\n\t\t\t<span class=\"elementor-divider-separator\">\n\t\t\t\t\t\t<\/span>\n\t\t<\/div>\n\t\t\t\t\t\t<\/div>\n\t\t\t\t\t<\/div>\n\t\t\t\t<\/div>\n\t\t\t\t<\/div>\n\t\t","protected":false},"excerpt":{"rendered":"<p>De la llave a la despedida: un servicio que sientes y recuerdas. \u00a1De clientes a amigos para toda la vida! Carvago es todo familia y contacto personal. Como empresa familiar local en Cura\u00e7ao, ofrecemos una c\u00e1lida bienvenida y una movilidad sin complicaciones. Tratamos a cada cliente como a un amigo, por lo que alquilar un [&hellip;]<\/p>\n","protected":false},"author":1,"featured_media":1358,"parent":0,"menu_order":0,"comment_status":"closed","ping_status":"closed","template":"elementor_header_footer","meta":{"footnotes":""},"class_list":["post-1357","page","type-page","status-publish","has-post-thumbnail","hentry"],"_links":{"self":[{"href":"https:\/\/carvagocars.com\/es\/wp-json\/wp\/v2\/pages\/1357","targetHints":{"allow":["GET"]}}],"collection":[{"href":"https:\/\/carvagocars.com\/es\/wp-json\/wp\/v2\/pages"}],"about":[{"href":"https:\/\/carvagocars.com\/es\/wp-json\/wp\/v2\/types\/page"}],"author":[{"embeddable":true,"href":"https:\/\/carvagocars.com\/es\/wp-json\/wp\/v2\/users\/1"}],"replies":[{"embeddable":true,"href":"https:\/\/carvagocars.com\/es\/wp-json\/wp\/v2\/comments?post=1357"}],"version-history":[{"count":1,"href":"https:\/\/carvagocars.com\/es\/wp-json\/wp\/v2\/pages\/1357\/revisions"}],"predecessor-version":[{"id":1360,"href":"https:\/\/carvagocars.com\/es\/wp-json\/wp\/v2\/pages\/1357\/revisions\/1360"}],"wp:featuredmedia":[{"embeddable":true,"href":"https:\/\/carvagocars.com\/es\/wp-json\/wp\/v2\/media\/1358"}],"wp:attachment":[{"href":"https:\/\/carvagocars.com\/es\/wp-json\/wp\/v2\/media?parent=1357"}],"curies":[{"name":"wp","href":"https:\/\/api.w.org\/{rel}","templated":true}]}}